{"id":1345,"date":"2021-11-21T15:14:19","date_gmt":"2021-11-21T14:14:19","guid":{"rendered":"http:\/\/www.diprojekt.cz\/?page_id=1345"},"modified":"2026-03-04T07:26:21","modified_gmt":"2026-03-04T06:26:21","slug":"about-2","status":"publish","type":"page","link":"https:\/\/www.diprojekt.cz\/?page_id=1345","title":{"rendered":"On\u00e1s"},"content":{"rendered":"\t\t<div data-elementor-type=\"wp-page\" data-elementor-id=\"1345\" class=\"elementor elementor-1345\">\n\t\t\t\t\t\t<section class=\"elementor-section elementor-top-section elementor-element elementor-element-dd868f4 elementor-section-boxed elementor-section-height-default elementor-section-height-default\" data-id=\"dd868f4\" data-element_type=\"section\" data-e-type=\"section\" data-settings=\"{&quot;background_background&quot;:&quot;classic&quot;}\">\n\t\t\t\t\t\t<div class=\"elementor-container elementor-column-gap-default\">\n\t\t\t\t\t<div class=\"elementor-column elementor-col-100 elementor-top-column elementor-element elementor-element-edeff8f\" data-id=\"edeff8f\" data-element_type=\"column\" data-e-type=\"column\" data-settings=\"{&quot;background_background&quot;:&quot;classic&quot;}\">\n\t\t\t<div class=\"elementor-widget-wrap elementor-element-populated\">\n\t\t\t\t\t\t<div class=\"elementor-element elementor-element-afd6747 elementor-widget elementor-widget-image\" data-id=\"afd6747\" data-element_type=\"widget\" data-e-type=\"widget\" data-widget_type=\"image.default\">\n\t\t\t\t<div class=\"elementor-widget-container\">\n\t\t\t\t\t\t\t\t\t\t\t\t\t\t\t<img fetchpriority=\"high\" decoding=\"async\" width=\"1020\" height=\"207\" src=\"https:\/\/www.diprojekt.cz\/wp-content\/uploads\/2026\/01\/TapetaWEB2026-1020x207.png\" class=\"attachment-large size-large wp-image-2414\" alt=\"\" srcset=\"https:\/\/www.diprojekt.cz\/wp-content\/uploads\/2026\/01\/TapetaWEB2026-1020x207.png 1020w, https:\/\/www.diprojekt.cz\/wp-content\/uploads\/2026\/01\/TapetaWEB2026-632x128.png 632w, https:\/\/www.diprojekt.cz\/wp-content\/uploads\/2026\/01\/TapetaWEB2026-768x156.png 768w, https:\/\/www.diprojekt.cz\/wp-content\/uploads\/2026\/01\/TapetaWEB2026-1536x311.png 1536w, https:\/\/www.diprojekt.cz\/wp-content\/uploads\/2026\/01\/TapetaWEB2026-2048x415.png 2048w\" sizes=\"(max-width: 1020px) 100vw, 1020px\" \/>\t\t\t\t\t\t\t\t\t\t\t\t\t\t\t<\/div>\n\t\t\t\t<\/div>\n\t\t\t\t\t<\/div>\n\t\t<\/div>\n\t\t\t\t\t<\/div>\n\t\t<\/section>\n\t\t\t\t<section class=\"elementor-section elementor-top-section elementor-element elementor-element-c8ddeb6 animated-slow elementor-section-height-full elementor-section-items-top elementor-section-boxed elementor-section-height-default\" data-id=\"c8ddeb6\" data-element_type=\"section\" data-e-type=\"section\" data-settings=\"{&quot;background_background&quot;:&quot;gradient&quot;,&quot;animation&quot;:&quot;none&quot;}\">\n\t\t\t\t\t\t\t<div class=\"elementor-background-overlay\"><\/div>\n\t\t\t\t\t\t\t<div class=\"elementor-container elementor-column-gap-default\">\n\t\t\t\t\t<div class=\"elementor-column elementor-col-100 elementor-top-column elementor-element elementor-element-6a5337e animated-slow elementor-invisible\" data-id=\"6a5337e\" data-element_type=\"column\" data-e-type=\"column\" data-settings=\"{&quot;animation&quot;:&quot;zoomIn&quot;,&quot;animation_delay&quot;:0}\">\n\t\t\t<div class=\"elementor-widget-wrap elementor-element-populated\">\n\t\t\t\t\t\t<div class=\"elementor-element elementor-element-b4a84d1 elementor-widget elementor-widget-text-editor\" data-id=\"b4a84d1\" data-element_type=\"widget\" data-e-type=\"widget\" data-widget_type=\"text-editor.default\">\n\t\t\t\t<div class=\"elementor-widget-container\">\n\t\t\t\t\t\t\t\t\t<p><strong>DI PROJEKT s.r.o.<\/strong> je projek\u010dn\u00ed kancel\u00e1\u0159 p\u016fsob\u00edc\u00ed v oblasti dopravn\u00edch a in\u017een\u00fdrsk\u00fdch staveb. Spole\u010dnost byla zalo\u017eena dne 10. \u010dervence 2013 a vznikla z\u00e1pisem do obchodn\u00edho rejst\u0159\u00edku veden\u00e9ho Krajsk\u00fdm soudem v Hradci Kr\u00e1lov\u00e9, spisov\u00e1 zna\u010dka C 32420\/KSHK.<\/p><p>Jsme opr\u00e1vn\u011bni k podnik\u00e1n\u00ed v oboru projektov\u00e1 \u010dinnost ve v\u00fdstavb\u011b a d\u00e1le ve v\u00fdrob\u011b, obchodu a slu\u017eb\u00e1ch neuveden\u00fdch v p\u0159\u00edloh\u00e1ch 1 a\u017e 3 \u017eivnostensk\u00e9ho z\u00e1kona, prov\u00e1d\u011bn\u00ed staveb, jejich zm\u011bn a odstra\u0148ov\u00e1n\u00ed.<\/p><p>V r\u00e1mci na\u0161\u00ed \u010dinnosti klademe d\u016fraz zejm\u00e9na na:<\/p><ul><li>technickou kvalitu, hospod\u00e1rnost a dlouhodobou funk\u010dnost navrhovan\u00fdch konstrukc\u00ed<\/li><li>spr\u00e1vnou volbu konstruk\u010dn\u00edho \u0159e\u0161en\u00ed z hlediska statiky, geometrie a provozn\u00edch po\u017eadavk\u016f<\/li><li>pe\u010dliv\u00fd v\u00fdb\u011br konstruk\u010dn\u00edch materi\u00e1l\u016f s ohledem na jejich \u017eivotnost a udr\u017eitelnost<\/li><li>profesion\u00e1ln\u00ed a otev\u0159enou spolupr\u00e1ci s investory, dodavateli a odborn\u00edky z dal\u0161\u00edch profes\u00ed<\/li><li>kontinu\u00e1ln\u00ed profesn\u00ed r\u016fst spole\u010dnosti prost\u0159ednictv\u00edm pr\u016fb\u011b\u017en\u00e9ho vzd\u011bl\u00e1v\u00e1n\u00ed a sledov\u00e1n\u00ed v\u00fdvoje v oboru<\/li><\/ul><p>Na\u0161\u00edm c\u00edlem je poskytovat projek\u010dn\u00ed slu\u017eby, kter\u00e9 spojuj\u00ed technickou odbornost, odpov\u011bdn\u00fd p\u0159\u00edstup a respekt k prost\u0159ed\u00ed, ve kter\u00e9m stavby vznikaj\u00ed. D\u00edky systematick\u00e9 pr\u00e1ci a d\u016frazu na kvalitu jsme spolehliv\u00fdm partnerem pro ve\u0159ejn\u00fd i soukrom\u00fd sektor.<\/p><p>Zaji\u0161\u0165ujeme projek\u010dn\u00ed pr\u00e1ce v n\u00e1sleduj\u00edc\u00edch stupn\u00edch:<\/p><ul><li>studie (ST)<\/li><li>dokumentace pro ohl\u00e1\u0161en\u00ed stavby (DOS)<\/li><li>dokumentace pro povolen\u00ed stavby (DSP)<\/li><li>dokumentace pro proveden\u00ed stavby (DPS)<\/li><li>vybran\u00e9 dokumenty zad\u00e1vac\u00ed dokumentace (VD-ZDS)<\/li><li>projektov\u00e1 dokumentace pro proveden\u00ed stavby (PDPS)<\/li><li>realiza\u010dn\u00ed dokumentace stavby (RDS)<\/li><li>v\u00fdrobn\u011b technick\u00e1 dokumentace (VTD)<\/li><li>dokumentace skute\u010dn\u00e9ho proveden\u00ed stavby (DSPS)<\/li><\/ul><p>D\u00e1le zaji\u0161\u0165ujeme prov\u00e1d\u011bn\u00ed autorsk\u00e9ho dozoru (AD) a technick\u00e9ho dozoru (TD)<\/p>\t\t\t\t\t\t\t\t<\/div>\n\t\t\t\t<\/div>\n\t\t\t\t\t<\/div>\n\t\t<\/div>\n\t\t\t\t\t<\/div>\n\t\t<\/section>\n\t\t\t\t<\/div>\n\t\t","protected":false},"excerpt":{"rendered":"<p>DI PROJEKT s.r.o. je projek\u010dn\u00ed kancel\u00e1\u0159 p\u016fsob\u00edc\u00ed v oblasti dopravn\u00edch a in\u017een\u00fdrsk\u00fdch staveb. Spole\u010dnost byla zalo\u017eena dne 10. \u010dervence 2013 a vznikla z\u00e1pisem do obchodn\u00edho rejst\u0159\u00edku veden\u00e9ho Krajsk\u00fdm soudem v Hradci Kr\u00e1lov\u00e9, spisov\u00e1 zna\u010dka C 32420\/KSHK. Jsme opr\u00e1vn\u011bni k podnik\u00e1n\u00ed v oboru projektov\u00e1 \u010dinnost ve v\u00fdstavb\u011b a d\u00e1le ve v\u00fdrob\u011b, obchodu a slu\u017eb\u00e1ch neuveden\u00fdch v [&hellip;]<\/p>\n","protected":false},"author":1,"featured_media":0,"parent":0,"menu_order":0,"comment_status":"closed","ping_status":"closed","template":"","meta":{"site-sidebar-layout":"no-sidebar","site-content-layout":"page-builder","ast-site-content-layout":"full-width-container","site-content-style":"unboxed","site-sidebar-style":"unboxed","ast-global-header-display":"","ast-banner-title-visibility":"","ast-main-header-display":"","ast-hfb-above-header-display":"","ast-hfb-below-header-display":"","ast-hfb-mobile-header-display":"","site-post-title":"disabled","ast-breadcrumbs-content":"","ast-featured-img":"disabled","footer-sml-layout":"","ast-disable-related-posts":"","theme-transparent-header-meta":"enabled","adv-header-id-meta":"","stick-header-meta":"","header-above-stick-meta":"","header-main-stick-meta":"","header-below-stick-meta":"","astra-migrate-meta-layouts":"set","ast-page-background-enabled":"default","ast-page-background-meta":{"desktop":{"background-color":"var(--ast-global-color-4)","background-image":"","background-repeat":"repeat","background-position":"center center","background-size":"auto","background-attachment":"scroll","background-type":"","background-media":"","overlay-type":"","overlay-color":"","overlay-opacity":"","overlay-gradient":""},"tablet":{"background-color":"","background-image":"","background-repeat":"repeat","background-position":"center center","background-size":"auto","background-attachment":"scroll","background-type":"","background-media":"","overlay-type":"","overlay-color":"","overlay-opacity":"","overlay-gradient":""},"mobile":{"background-color":"","background-image":"","background-repeat":"repeat","background-position":"center center","background-size":"auto","background-attachment":"scroll","background-type":"","background-media":"","overlay-type":"","overlay-color":"","overlay-opacity":"","overlay-gradient":""}},"ast-content-background-meta":{"desktop":{"background-color":"var(--ast-global-color-5)","background-image":"","background-repeat":"repeat","background-position":"center center","background-size":"auto","background-attachment":"scroll","background-type":"","background-media":"","overlay-type":"","overlay-color":"","overlay-opacity":"","overlay-gradient":""},"tablet":{"background-color":"var(--ast-global-color-5)","background-image":"","background-repeat":"repeat","background-position":"center center","background-size":"auto","background-attachment":"scroll","background-type":"","background-media":"","overlay-type":"","overlay-color":"","overlay-opacity":"","overlay-gradient":""},"mobile":{"background-color":"var(--ast-global-color-5)","background-image":"","background-repeat":"repeat","background-position":"center center","background-size":"auto","background-attachment":"scroll","background-type":"","background-media":"","overlay-type":"","overlay-color":"","overlay-opacity":"","overlay-gradient":""}},"footnotes":""},"class_list":["post-1345","page","type-page","status-publish","hentry"],"_links":{"self":[{"href":"https:\/\/www.diprojekt.cz\/index.php?rest_route=\/wp\/v2\/pages\/1345","targetHints":{"allow":["GET"]}}],"collection":[{"href":"https:\/\/www.diprojekt.cz\/index.php?rest_route=\/wp\/v2\/pages"}],"about":[{"href":"https:\/\/www.diprojekt.cz\/index.php?rest_route=\/wp\/v2\/types\/page"}],"author":[{"embeddable":true,"href":"https:\/\/www.diprojekt.cz\/index.php?rest_route=\/wp\/v2\/users\/1"}],"replies":[{"embeddable":true,"href":"https:\/\/www.diprojekt.cz\/index.php?rest_route=%2Fwp%2Fv2%2Fcomments&post=1345"}],"version-history":[{"count":147,"href":"https:\/\/www.diprojekt.cz\/index.php?rest_route=\/wp\/v2\/pages\/1345\/revisions"}],"predecessor-version":[{"id":2525,"href":"https:\/\/www.diprojekt.cz\/index.php?rest_route=\/wp\/v2\/pages\/1345\/revisions\/2525"}],"wp:attachment":[{"href":"https:\/\/www.diprojekt.cz\/index.php?rest_route=%2Fwp%2Fv2%2Fmedia&parent=1345"}],"curies":[{"name":"wp","href":"https:\/\/api.w.org\/{rel}","templated":true}]}}