{"id":1319,"date":"2021-11-21T15:14:44","date_gmt":"2021-11-21T14:14:44","guid":{"rendered":"http:\/\/www.diprojekt.cz\/?page_id=1319"},"modified":"2026-01-28T21:48:18","modified_gmt":"2026-01-28T20:48:18","slug":"contact","status":"publish","type":"page","link":"https:\/\/www.diprojekt.cz\/?page_id=1319","title":{"rendered":"Kontakt"},"content":{"rendered":"\t\t<div data-elementor-type=\"wp-page\" data-elementor-id=\"1319\" class=\"elementor elementor-1319\">\n\t\t\t\t\t\t<section class=\"elementor-section elementor-top-section elementor-element elementor-element-d4e7fba elementor-section-boxed elementor-section-height-default elementor-section-height-default\" data-id=\"d4e7fba\" data-element_type=\"section\" data-e-type=\"section\" data-settings=\"{&quot;background_background&quot;:&quot;classic&quot;}\">\n\t\t\t\t\t\t<div class=\"elementor-container elementor-column-gap-default\">\n\t\t\t\t\t<div class=\"elementor-column elementor-col-100 elementor-top-column elementor-element elementor-element-c8d3f24\" data-id=\"c8d3f24\" data-element_type=\"column\" data-e-type=\"column\" data-settings=\"{&quot;background_background&quot;:&quot;classic&quot;}\">\n\t\t\t<div class=\"elementor-widget-wrap elementor-element-populated\">\n\t\t\t\t\t\t<div class=\"elementor-element elementor-element-cfe7350 elementor-widget elementor-widget-image\" data-id=\"cfe7350\" data-element_type=\"widget\" data-e-type=\"widget\" data-widget_type=\"image.default\">\n\t\t\t\t<div class=\"elementor-widget-container\">\n\t\t\t\t\t\t\t\t\t\t\t\t\t\t\t<img fetchpriority=\"high\" decoding=\"async\" width=\"1020\" height=\"207\" src=\"https:\/\/www.diprojekt.cz\/wp-content\/uploads\/2026\/01\/TapetaWEB2026-1020x207.png\" class=\"attachment-large size-large wp-image-2414\" alt=\"\" srcset=\"https:\/\/www.diprojekt.cz\/wp-content\/uploads\/2026\/01\/TapetaWEB2026-1020x207.png 1020w, https:\/\/www.diprojekt.cz\/wp-content\/uploads\/2026\/01\/TapetaWEB2026-632x128.png 632w, https:\/\/www.diprojekt.cz\/wp-content\/uploads\/2026\/01\/TapetaWEB2026-768x156.png 768w, https:\/\/www.diprojekt.cz\/wp-content\/uploads\/2026\/01\/TapetaWEB2026-1536x311.png 1536w, https:\/\/www.diprojekt.cz\/wp-content\/uploads\/2026\/01\/TapetaWEB2026-2048x415.png 2048w\" sizes=\"(max-width: 1020px) 100vw, 1020px\" \/>\t\t\t\t\t\t\t\t\t\t\t\t\t\t\t<\/div>\n\t\t\t\t<\/div>\n\t\t\t\t\t<\/div>\n\t\t<\/div>\n\t\t\t\t\t<\/div>\n\t\t<\/section>\n\t\t\t\t<section class=\"elementor-section elementor-top-section elementor-element elementor-element-6713cc3 elementor-section-height-full elementor-section-items-top elementor-section-boxed elementor-section-height-default\" data-id=\"6713cc3\" data-element_type=\"section\" data-e-type=\"section\" data-settings=\"{&quot;background_background&quot;:&quot;gradient&quot;}\">\n\t\t\t\t\t\t\t<div class=\"elementor-background-overlay\"><\/div>\n\t\t\t\t\t\t\t<div class=\"elementor-container elementor-column-gap-default\">\n\t\t\t\t\t<div class=\"elementor-column elementor-col-100 elementor-top-column elementor-element elementor-element-7dbe03e\" data-id=\"7dbe03e\" data-element_type=\"column\" data-e-type=\"column\">\n\t\t\t<div class=\"elementor-widget-wrap elementor-element-populated\">\n\t\t\t\t\t\t<section class=\"elementor-section elementor-inner-section elementor-element elementor-element-b3182d8 elementor-section-content-top elementor-section-boxed elementor-section-height-default elementor-section-height-default\" data-id=\"b3182d8\" data-element_type=\"section\" data-e-type=\"section\">\n\t\t\t\t\t\t<div class=\"elementor-container elementor-column-gap-no\">\n\t\t\t\t\t<div class=\"elementor-column elementor-col-50 elementor-inner-column elementor-element elementor-element-dba233f animated-slow elementor-invisible\" data-id=\"dba233f\" data-element_type=\"column\" data-e-type=\"column\" data-settings=\"{&quot;animation&quot;:&quot;zoomIn&quot;}\">\n\t\t\t<div class=\"elementor-widget-wrap elementor-element-populated\">\n\t\t\t\t\t\t<div class=\"elementor-element elementor-element-cca7e14 elementor-widget elementor-widget-text-editor\" data-id=\"cca7e14\" data-element_type=\"widget\" data-e-type=\"widget\" data-widget_type=\"text-editor.default\">\n\t\t\t\t<div class=\"elementor-widget-container\">\n\t\t\t\t\t\t\t\t\t<p><u><strong>D<\/strong><b>I PROJEKT s.r.o.<\/b><\/u><\/p><p>S\u00eddlo: Chel\u010dick\u00e9ho 686, 533 51 Pardubice &#8211; Rosice<\/p><p>Kancel\u00e1\u0159: Dvo\u0159\u00e1kovo n\u00e1b\u0159e\u017e\u00ed 1622, 539 01 Hlinsko<\/p><p>I\u010cO: 01873687<\/p><p>DI\u010c: CZ01873687<\/p><p>E-mail: dip@diprojekt.cz<\/p><p>\u010c\u00edslo \u00fa\u010dtu: 107-5228090287\/0100<\/p><p>Datov\u00e1 schr\u00e1nka: ui8wq5u<\/p><p>\u00a0<\/p><p><b>Kontakty:<\/b><\/p><p><b>Miroslav Ba\u0165a, DiS. <\/b>&#8211; jednatel spole\u010dnosti<\/p><p>Email: miroslav.bata@diprojekt.cz<\/p><p>Tel: +420 773 749 123<\/p><p>\u00a0<\/p><p><b>Jan Zv\u00e1ra, DiS. <\/b>&#8211; jednatel spole\u010dnosti<\/p><p>Email: jan.zvara@diprojekt.cz<\/p><p>Tel: +420 773 749 122<\/p><p>\u00a0<\/p><p><b>Luk\u00e1\u0161 T\u0159as\u00e1k, DiS. <\/b>&#8211; jednatel spole\u010dnosti<\/p><p>Email: lukas.trasak@diprojekt.cz<\/p><p>Tel: +420 773 749 121<\/p>\t\t\t\t\t\t\t\t<\/div>\n\t\t\t\t<\/div>\n\t\t\t\t\t<\/div>\n\t\t<\/div>\n\t\t\t\t<div class=\"elementor-column elementor-col-50 elementor-inner-column elementor-element elementor-element-3e8e75e animated-slow elementor-invisible\" data-id=\"3e8e75e\" data-element_type=\"column\" data-e-type=\"column\" data-settings=\"{&quot;animation&quot;:&quot;zoomIn&quot;}\">\n\t\t\t<div class=\"elementor-widget-wrap elementor-element-populated\">\n\t\t\t\t\t\t<div class=\"elementor-element elementor-element-6318db3 elementor-widget elementor-widget-google_maps\" data-id=\"6318db3\" data-element_type=\"widget\" data-e-type=\"widget\" data-widget_type=\"google_maps.default\">\n\t\t\t\t<div class=\"elementor-widget-container\">\n\t\t\t\t\t\t\t<div class=\"elementor-custom-embed\">\n\t\t\t<iframe loading=\"lazy\"\n\t\t\t\t\tsrc=\"https:\/\/maps.google.com\/maps?q=Dvo%C5%99%C3%A1kovo%20n%C3%A1b%C5%99e%C5%BE%C3%AD%201622%2C%20Hlinsko&#038;t=m&#038;z=16&#038;output=embed&#038;iwloc=near\"\n\t\t\t\t\ttitle=\"Dvo\u0159\u00e1kovo n\u00e1b\u0159e\u017e\u00ed 1622, Hlinsko\"\n\t\t\t\t\taria-label=\"Dvo\u0159\u00e1kovo n\u00e1b\u0159e\u017e\u00ed 1622, Hlinsko\"\n\t\t\t><\/iframe>\n\t\t<\/div>\n\t\t\t\t\t\t<\/div>\n\t\t\t\t<\/div>\n\t\t\t\t\t<\/div>\n\t\t<\/div>\n\t\t\t\t\t<\/div>\n\t\t<\/section>\n\t\t\t\t\t<\/div>\n\t\t<\/div>\n\t\t\t\t\t<\/div>\n\t\t<\/section>\n\t\t\t\t<\/div>\n\t\t","protected":false},"excerpt":{"rendered":"<p>DI PROJEKT s.r.o. S\u00eddlo: Chel\u010dick\u00e9ho 686, 533 51 Pardubice &#8211; Rosice Kancel\u00e1\u0159: Dvo\u0159\u00e1kovo n\u00e1b\u0159e\u017e\u00ed 1622, 539 01 Hlinsko I\u010cO: 01873687 DI\u010c: CZ01873687 E-mail: dip@diprojekt.cz \u010c\u00edslo \u00fa\u010dtu: 107-5228090287\/0100 Datov\u00e1 schr\u00e1nka: ui8wq5u \u00a0 Kontakty: Miroslav Ba\u0165a, DiS. &#8211; jednatel spole\u010dnosti Email: miroslav.bata@diprojekt.cz Tel: +420 773 749 123 \u00a0 Jan Zv\u00e1ra, DiS. &#8211; jednatel spole\u010dnosti Email: jan.zvara@diprojekt.cz Tel: [&hellip;]<\/p>\n","protected":false},"author":1,"featured_media":0,"parent":0,"menu_order":0,"comment_status":"closed","ping_status":"closed","template":"elementor_theme","meta":{"site-sidebar-layout":"no-sidebar","site-content-layout":"page-builder","ast-site-content-layout":"full-width-container","site-content-style":"unboxed","site-sidebar-style":"unboxed","ast-global-header-display":"","ast-banner-title-visibility":"","ast-main-header-display":"","ast-hfb-above-header-display":"","ast-hfb-below-header-display":"","ast-hfb-mobile-header-display":"","site-post-title":"disabled","ast-breadcrumbs-content":"","ast-featured-img":"disabled","footer-sml-layout":"","ast-disable-related-posts":"","theme-transparent-header-meta":"enabled","adv-header-id-meta":"","stick-header-meta":"","header-above-stick-meta":"","header-main-stick-meta":"","header-below-stick-meta":"","astra-migrate-meta-layouts":"set","ast-page-background-enabled":"default","ast-page-background-meta":{"desktop":{"background-color":"var(--ast-global-color-4)","background-image":"","background-repeat":"repeat","background-position":"center center","background-size":"auto","background-attachment":"scroll","background-type":"","background-media":"","overlay-type":"","overlay-color":"","overlay-opacity":"","overlay-gradient":""},"tablet":{"background-color":"","background-image":"","background-repeat":"repeat","background-position":"center center","background-size":"auto","background-attachment":"scroll","background-type":"","background-media":"","overlay-type":"","overlay-color":"","overlay-opacity":"","overlay-gradient":""},"mobile":{"background-color":"","background-image":"","background-repeat":"repeat","background-position":"center center","background-size":"auto","background-attachment":"scroll","background-type":"","background-media":"","overlay-type":"","overlay-color":"","overlay-opacity":"","overlay-gradient":""}},"ast-content-background-meta":{"desktop":{"background-color":"var(--ast-global-color-5)","background-image":"","background-repeat":"repeat","background-position":"center center","background-size":"auto","background-attachment":"scroll","background-type":"","background-media":"","overlay-type":"","overlay-color":"","overlay-opacity":"","overlay-gradient":""},"tablet":{"background-color":"var(--ast-global-color-5)","background-image":"","background-repeat":"repeat","background-position":"center center","background-size":"auto","background-attachment":"scroll","background-type":"","background-media":"","overlay-type":"","overlay-color":"","overlay-opacity":"","overlay-gradient":""},"mobile":{"background-color":"var(--ast-global-color-5)","background-image":"","background-repeat":"repeat","background-position":"center center","background-size":"auto","background-attachment":"scroll","background-type":"","background-media":"","overlay-type":"","overlay-color":"","overlay-opacity":"","overlay-gradient":""}},"footnotes":""},"class_list":["post-1319","page","type-page","status-publish","hentry"],"_links":{"self":[{"href":"https:\/\/www.diprojekt.cz\/index.php?rest_route=\/wp\/v2\/pages\/1319","targetHints":{"allow":["GET"]}}],"collection":[{"href":"https:\/\/www.diprojekt.cz\/index.php?rest_route=\/wp\/v2\/pages"}],"about":[{"href":"https:\/\/www.diprojekt.cz\/index.php?rest_route=\/wp\/v2\/types\/page"}],"author":[{"embeddable":true,"href":"https:\/\/www.diprojekt.cz\/index.php?rest_route=\/wp\/v2\/users\/1"}],"replies":[{"embeddable":true,"href":"https:\/\/www.diprojekt.cz\/index.php?rest_route=%2Fwp%2Fv2%2Fcomments&post=1319"}],"version-history":[{"count":309,"href":"https:\/\/www.diprojekt.cz\/index.php?rest_route=\/wp\/v2\/pages\/1319\/revisions"}],"predecessor-version":[{"id":2483,"href":"https:\/\/www.diprojekt.cz\/index.php?rest_route=\/wp\/v2\/pages\/1319\/revisions\/2483"}],"wp:attachment":[{"href":"https:\/\/www.diprojekt.cz\/index.php?rest_route=%2Fwp%2Fv2%2Fmedia&parent=1319"}],"curies":[{"name":"wp","href":"https:\/\/api.w.org\/{rel}","templated":true}]}}